{"id":6547,"date":"2019-05-13T16:50:54","date_gmt":"2019-05-13T19:50:54","guid":{"rendered":"http:\/\/167.172.123.0\/?page_id=6547"},"modified":"2019-05-13T17:45:18","modified_gmt":"2019-05-13T20:45:18","slug":"legales","status":"publish","type":"page","link":"https:\/\/www.marketec.com.ar\/index.php\/legales\/","title":{"rendered":"Legales"},"content":{"rendered":"<p align=\"center\"><strong>T\u00e9rminos y Condiciones \u2013 Pol\u00edtica de Privacidad<\/strong><\/p>\n<p>&nbsp;<\/p>\n<h1>T\u00e9rminos y Condiciones Generales:<\/h1>\n<p><strong>Sucursales de Vea Adheridas al sistemas Marketec:<\/strong><\/p>\n<p>El acceso a esta Web y la utilizaci\u00f3n de sus servicios est\u00e1 sujeto a los t\u00e9rminos y condiciones generales que se establecen a continuaci\u00f3n, y a las de \u00edndole particular que aparecen en sus anexos o en las carteleras de cualquiera de sus p\u00e1gina webs (los T\u00e9rminos y Condiciones\u201d).<\/p>\n<p>De continuar Ud. (el \u201cUsuario\u201d) la visita de la Web\u00a0<a href=\"http:\/\/www.marketec.com.ar\/\">www.marketec.com.ar<\/a>,\u00a0<a href=\"http:\/\/www.smark.com.mx\/\">www.smark.com.mx<\/a>, <a href=\"http:\/\/www.cuponcash.com\/\">www.cuponcash.com<\/a> se entender\u00e1 que presta su conformidad con los T\u00e9rminos y Condiciones, y ha dado expresamente su consentimiento de acuerdo a lo establecido en la Ley de Protecci\u00f3n de Datos Personales N 25.326, Art. 5 sgtes y CC., para que el Titular haga tratamiento, cesi\u00f3n y\/o transferencia de sus datos personales.<\/p>\n<p>Estos T\u00e9rminos y Condiciones est\u00e1n sujetos a modificaciones, las que entrar\u00e1n en vigencia a partir del momento en que sean publicadas en Web o notificadas al Usuario, lo que ocurra primero.<\/p>\n<h1><\/h1>\n<h1>1. El Servicio.<\/h1>\n<p>El servicio provisto por MARKETEC TARGETED SOLUTIONS S.A (\u201cel Titular\u201d) consiste en un plataforma de\u00a0couponing\u00a0inteligentes, y supone la aceptaci\u00f3n por el Usuario de estos T\u00e9rminos y Condiciones.<\/p>\n<p>La informaci\u00f3n contenida en la Web proviene de varias fuentes, entre las que se cuentan los propios Usuarios de la Web. Dicha informaci\u00f3n no puede considerarse exhaustiva, completa, o que satisfar\u00e1 todas las necesidades del Usuario.<\/p>\n<p>En su gran mayor\u00eda, esa informaci\u00f3n est\u00e1 meramente destinada a permitir al Usuario el acceso a una mayor cantidad de datos sobre el tema de su inter\u00e9s, los que generalmente son provistos por terceros sin un efectivo control por parte del Titular, por lo que se sugiere al Usuario que lea con especial cuidado estos T\u00e9rminos y Condiciones.<\/p>\n<p>&nbsp;<\/p>\n<h2>1.1. Responsabilidad por la Informaci\u00f3n contenida en la Web:<\/h2>\n<p>El Titular no se responsabiliza por los da\u00f1os y perjuicios que pudiera ocasionar el uso de la informaci\u00f3n que provee la Web.<\/p>\n<p>El Titular no garantiza que la informaci\u00f3n que provee la Web no haya sido alterada, luego de su inserci\u00f3n en la misma.<\/p>\n<p>El Titular no ser\u00e1 responsable del contenido de los mails y datos aportados por terceros usuarios.<\/p>\n<p>En caso que el Usuario se sienta agraviado o perjudicado por esa informaci\u00f3n, deber\u00e1 dirigir su acci\u00f3n exclusivamente contra el proveedor de la misma. En tal supuesto, a pedido del Usuario, el Titular pondr\u00e1 a su disposici\u00f3n, en la medida que los posea, los datos necesarios para que pueda hacer su reclamo.<\/p>\n<p>&nbsp;<\/p>\n<h2>1.2. Responsabilidad por los servicios adquiridos u ofrecidos a trav\u00e9s de la Web:<\/h2>\n<p>El Titular se limita a proveer un medio donde se publica informaci\u00f3n de Cupones, sus programas, proyectos, actividades, y de comunicaci\u00f3n entre los Usuarios.<\/p>\n<p>La Web ha adoptado las medidas de seguridad exigidas por la normativa vigente, sin embargo, no se responsabiliza por: (i) la inviolabilidad de la transmisi\u00f3n de los datos cursados por las redes publicas de telecomunicaciones, o (ii) por cualquier otro medio telem\u00e1tico que no administra o que se encuentran fuera de su alcance o (iii) de los mensajes que el Usuario curse con otros Usuarios.<\/p>\n<p>&nbsp;<\/p>\n<h2>1.3. Responsabilidad por Downloads:<\/h2>\n<p>Corre por cuenta del Usuario verificar la inexistencia de virus en las im\u00e1genes, cat\u00e1logos, programas y materiales que el Usuario descargue en su equipo (\u201clos materiales de\u00a0download\u201c). En ning\u00fan caso el Titular ser\u00e1 responsable por los da\u00f1os causados por elementos destructivos que pudieran haber introducido terceros a los materiales de\u00a0download\u00a0provistos por el Titular, ni por los materiales de\u00a0download\u00a0suministrados por terceros sin autorizaci\u00f3n expresa del Titular.<\/p>\n<p>&nbsp;<\/p>\n<h2>1.4. Sitios vinculados:<\/h2>\n<p>El Usuario reconoce que el Titular no tiene control alguno sobre otros sitios a los que puede acceder a trav\u00e9s de links u otro tipo de vinculaci\u00f3n telem\u00e1tica (los Sitios Vinculados) desde la Web. Por lo tanto el Titular no se hace responsable por el contenido de los Sitios Vinculados.<\/p>\n<p>&nbsp;<\/p>\n<h2>1.5. Varios:<\/h2>\n<ol>\n \ti.\u00a0\u00a0\u00a0<strong>Equipamiento<\/strong>: El Titular de la Web no est\u00e1 obligado a proveer ning\u00fan equipo o programa de software para acceder a la misma. El Usuario deber\u00e1 contar con todos los recursos necesarios para ello, incluidos los de telecomunicaciones.<br \/>\n \tii.\u00a0\u00a0<strong>Pol\u00edtica de Uso de la Web<\/strong>: El Usuario acepta la Pol\u00edtica de Uso de la Web establecida en el presente y sus modificaciones. El Titular se reserva el derecho de eliminar o modificar cualquier informaci\u00f3n,\u00a0 comunicaci\u00f3n, material de download, o mensaje que en su opini\u00f3n viole la Pol\u00edtica de Uso, sin que ello de al Usuario derecho o reclamo alguno.<br \/>\n \tiii.\u00a0\u00a0<strong>Derechos de Autor<\/strong>: La informaci\u00f3n contenida en la Web es propiedad intelectual del Titular, y\/o de terceros sobre los que el Titular tiene derecho. La informaci\u00f3n y los materiales de\u00a0download\u00a0s\u00f3lo podr\u00e1n ser utilizados siempre que sus fines sean no comerciales. La retransmisi\u00f3n o publicaci\u00f3n de cualquier elemento contenido en la Web se encuentra prohibida sin el previo consentimiento escrito del Titular. En los casos en que se autorice, el Usuario deber\u00e1 citar al autor como fuente y no podr\u00e1 modificar este material. La informaci\u00f3n contenida en la Web es propiedad intelectual del Titular, y\/o de terceros sobre los que el Titular tiene derecho, y podr\u00e1 ser consultada por el Usuario para su uso personal, privado y no lucrativo, siempre que en todo caso se indique el origen y\/o autor de los mismos y que, en su caso, aparezca el s\u00edmbolo del copyright y\/o notas de propiedad del Titular. En ning\u00fan caso el acceso a la Web implica ning\u00fan tipo de permiso, renuncia, transmisi\u00f3n, licencia o cesi\u00f3n total ni parcial de dichos derechos por parte del Titular, salvo que se establezca por escrito expresamente lo contrario. El Usuario reconoce y acepta que todos los derechos de propiedad industrial e intelectual sobre los contenidos y\/o cualesquiera otros elementos insertados en la Web (incluyendo, a modo de ejemplo y a t\u00edtulo meramente enunciativo y no limitativo, todos aquellos elementos que conforman la apariencia visual, imagen gr\u00e1fica y otros est\u00edmulos sensoriales de las p\u00e1ginas web que conforman la Web (\u201clook and feel\u201d, marcas, logotipos, nombres comerciales, textos, im\u00e1genes, gr\u00e1ficos, dise\u00f1os, sonidos, bases de datos, software, diagramas de flujo, presentaciones, material de lectura, arquitectura de navegaci\u00f3n, as\u00ed como los c\u00f3digos fuente de las p\u00e1ginas web) pertenecen a MARKETEC TARGETED SOLUTIONS S.A y\/o a terceros que le han cedido legalmente sus derechos. A tales efectos, se entender\u00e1 como Web todas aquellas creaciones incorporadas y expresadas por cualquier medio y\/o soporte tangible o intangible, conocido o por conocer, que sea objeto de protecci\u00f3n por las disposiciones normativas vigentes en materia de propiedad intelectual e industrial. Los presentes T\u00e9rminos y Condiciones Generales de Uso de la Web no confieren a los Usuarios ning\u00fan otro derecho de utilizaci\u00f3n, alteraci\u00f3n, explotaci\u00f3n, reproducci\u00f3n, distribuci\u00f3n o comunicaci\u00f3n p\u00fablica de la Aplicaci\u00f3n y\/o de sus Contenidos distintos de los aqu\u00ed expresamente previstos. Cualquier otro uso o explotaci\u00f3n de cualesquiera derechos estar\u00e1 sujeto a la previa y expresa autorizaci\u00f3n espec\u00edficamente otorgada a tal efecto por el Titular o el tercero titular de los derechos afectados. Queda terminantemente prohibida la utilizaci\u00f3n de tales elementos, su total o parcial reproducci\u00f3n, comunicaci\u00f3n y\/o distribuci\u00f3n con fines comerciales o lucrativos, as\u00ed como su modificaci\u00f3n, alteraci\u00f3n, descompilaci\u00f3n y\/o cualquier otro acto de explotaci\u00f3n de la Web, sus p\u00e1ginas y\/o de los contenidos que en ellas se incorporan. Para cualquier otro uso distinto de los expresamente permitidos, ser\u00e1 necesario obtener el consentimiento previo por escrito del titular de los derechos de que se trate.<br \/>\n \tiv.\u00a0\u00a0<strong>Control de Contenidos<\/strong>: El Titular no controla las comunicaciones y materiales que los Usuarios ingresan a la Web. El Titular no se hace responsable por el contenido de estas comunicaciones y materiales, sin perjuicio de lo cual se reserva el derecho de bloquear el acceso o de eliminar cualquier comunicaci\u00f3n o material que considere (a) abusivo, difamatorio, obsceno, falso o enga\u00f1oso, (b) violatorio de derechos de propiedad intelectual de un tercero o (c) violatorio de los usos y costumbres de Internet, y\/o (d) sea contrario a su ideario.<br \/>\n \tv.\u00a0\u00a0<strong>Compromiso de Indemnidad:<\/strong>\u00a0El Usuario se obliga a mantener indemne al Titular, sus dependientes, licenciantes, proveedores y licenciatarios de los da\u00f1os resultantes (incluyendo los costos de defensa) de cualquier acto o hecho il\u00edcito imputable al Usuario o a un tercero que utilice el Sitio.<br \/>\n \tvi.\u00a0\u00a0<strong>Jurisdicci\u00f3n y Ley Aplicable<\/strong>: Toda cuesti\u00f3n entre el Titular y el Usuario estar\u00e1 regida por las leyes de la Rep\u00fablica Argentina, con exclusi\u00f3n de toda norma que remita a la aplicaci\u00f3n de una ley extranjera. Cualquier controversia ser\u00e1 sometida a los Tribunales de la Ciudad de Buenos Aires que correspondan.<br \/>\n \tvii.\u00a0\u00a0<strong>Renuncias<\/strong>. La demora u omisi\u00f3n del Titular en exigir el estricto cumplimiento de estos T\u00e9rminos y Condiciones no podr\u00e1 interpretarse como renuncia a sus derechos.<br \/>\n \tviii.\u00a0\u00a0<strong>Nulidad parcial<\/strong>: En caso en que alguna disposici\u00f3n de estos T\u00e9rminos y Condiciones fuera declarada nula, ello no afectar\u00e1 la validez de las dem\u00e1s.<br \/>\n \tix.\u00a0\u00a0<strong>Marcas: Marketec y CuponCash<\/strong>\u00a0son marcas\u00a0 registradas del Titular. Toda otra marca o logotipo que aparezca en la Web pertenece al Titular y el Usuario no podr\u00e1 utilizarlas sin expresa autorizaci\u00f3n del Titular.<br \/>\n \tx.\u00a0\u00a0<strong>Notificaciones<\/strong>: Las notificaciones al Usuario podr\u00e1n cursarse por (i) correo electr\u00f3nico, (ii) comunicaciones generales en las carteleras de informaci\u00f3n de la Web, o (iii) por nota enviada por correo al domicilio indicado en oportunidad de inscribirse en la misma. Las notificaciones del Usuario al Titular de la Web deber\u00e1n cursarse por correo electr\u00f3nico a info@167.172.123.0\n<\/ol>\n<h1>2. Pol\u00edtica de Uso de la Web.<\/h1>\n<p>El uso de la Web est\u00e1 sujeta a las normas que se establecen en este apartado. Su incumplimiento puede dar lugar a la suspensi\u00f3n o cancelaci\u00f3n de su acceso a la Web y en la eventual adopci\u00f3n de acciones legales de parte del Titular.<\/p>\n<ol>\n \ti.\u00a0\u00a0<strong>Requisitos:\u00a0<\/strong>El Usuario deber\u00e1 ser una persona capaz conforme la Ley Argentina, y deber\u00e1 inscribirse con su propio nombre, y dem\u00e1s datos personales que se le requieran. El Usuario deber\u00e1 informar al Titular lo antes posible cualquier cambio en la informaci\u00f3n provista en ocasi\u00f3n de su inscripci\u00f3n. El Titular se reserva el derecho de suspender cualquier prestaci\u00f3n de la Web en caso que el Usuario sea menor de edad.<br \/>\n \tii.\u00a0\u00a0<strong>Clave de Acceso<\/strong>: la inscripci\u00f3n para uso de la Web puede exigir que el Usuario se identifique (\u201cUSER ID\u201d) y que registre una Clave Personal (la \u201cClave Personal\u201d) elegida por el propio Usuario. El Titular se reserva el derecho de rechazar o modificar la Clave Personal elegida en caso que la misma afecte principios de convivencia, la moral y las buenas costumbres.<br \/>\n \tiii.\u00a0\u00a0<strong>Comunicaciones On-line:<\/strong>\u00a0El Usuario reconoce que las comunicaciones on-line transcurren en tiempo real y no pueden ser controladas por el Titular. Sin perjuicio de ello, el Titular se reserva el derecho de excluir cualquier comunicaci\u00f3n que considere ofensiva o violatoria a esta Pol\u00edtica.<br \/>\n \tiv.\u00a0\u00a0<strong>Est\u00e1 prohibido al Usuario<\/strong>: (a) Transmitir mensajes an\u00f3nimos o bajo un seud\u00f3nimo. (b) Transmitir mensajes o informaci\u00f3n injuriosa, intimidatoria, enga\u00f1osa, difamatoria, obscena, o que viole el derecho a la intimidad o la propiedad intelectual o industrial de terceros, o que pueda resultar perjudicial para \u00e9stos o para el Titular. El Titular no pretende desalentar el derecho de libre expresi\u00f3n, pero se reserva el derecho de tomar las acciones que correspondan en caso que la Web sea utilizada para difundir informaci\u00f3n de este tipo. (c) interferir en el uso de la Web a otros Usuarios. (d) transmitir archivo\/s que contenga\/n virus o cualquier otro elemento contaminante o destructivo. (e) enviar e-mails no solicitados en forma masiva a otros Usuarios.<br \/>\n \tv.\u00a0\u00a0<strong>Acceso<\/strong>: Los Usuarios no deben permitir la utilizaci\u00f3n de su cuenta por terceros. Toda informaci\u00f3n que se env\u00ede utilizando la cuenta del Usuario ser\u00e1 considerada enviada por \u00e9ste.\n<\/ol>\n<h1>3. Pol\u00edtica de Privacidad Online.<\/h1>\n<p>Este apartado tiene por objeto informar al Usuario acerca de la pol\u00edtica que el Titular sigue en relaci\u00f3n a sus Datos Personales tal como se lo define en la Ley de Protecci\u00f3n de Datos Personales N 25.326 (\u201cla Pol\u00edtica\u201d).<\/p>\n<p>Esta Pol\u00edtica puede ser modificada por m\u00faltiples razones, como ser el empleo de\u00a0 nuevas tecnolog\u00edas de procesamiento o tratamiento de sus datos o informaci\u00f3n, los cambios que pudi\u00e9ramos introducir en la Web y\/o Aplicaciones relacionadas.<\/p>\n<p>Toda vez que se modifique esta Pol\u00edtica, la misma ser\u00e1 actualizada en los servicios de la Web, de modo que Ud. pueda ejercer sus derechos conforme a la Ley de Protecci\u00f3n de Datos Personales N\u00ba 25.326 (Art. 5, Sgtes, y CC).<\/p>\n<p>Si Ud. tiene alguna pregunta respecto a la Pol\u00edtica de Privacidad, por favor escriba a: info@167.172.123.0.<\/p>\n<h2><\/h2>\n<h2>3.1. Informaci\u00f3n Personal:<\/h2>\n<p>La Web s\u00f3lo utilizar\u00e1 los datos referidos a su identidad como usuario (entendi\u00e9ndose por tal su nombre, direcci\u00f3n, tel\u00e9fono, direcci\u00f3n de e-mail para los fines solicitados por Ud., datos de la compra, medio de pago usado, entre otros).<\/p>\n<p>Al aceptar estos T\u00e9rminos y Condiciones, Ud. ha dado su consentimiento del modo establecido en el Art\u00edculo 5 de la Ley de Protecci\u00f3n de Datos Personales. De este modo, Ud. autoriza expresamente a que el Titular trate, ceda o transfiera sus Datos Personales a terceros que presten servicios al Titular a los fines del objeto con que se registraron tales datos.<\/p>\n<h2><\/h2>\n<h2>3.1. Env\u00edo de mensajes:<\/h2>\n<p>La Web podr\u00e1 enviarle mensajes destinados a confirmar su inscripci\u00f3n a cualquiera de los servicios o aplicaciones, o notificarle cualquier modificaci\u00f3n de los T\u00e9rminos y Condiciones de los sitios referidos anteriormente o de esta Pol\u00edtica de Privacidad.<\/p>\n<p>La Web\u00a0 podr\u00e1 enviarle e-mails informando o promocionando otros servicios de participaci\u00f3n ciudadana.<\/p>\n<p>Si desea estar incluido en la lista de personas a quienes se env\u00eda ese tipo de mensajes, deber\u00e1 indicarlo marcando \u201copt-in\u201d cuando nos proporcione sus\u00a0 Datos Personales.<\/p>\n<p>Por el contrario, si Ud. deseara ser excluido de esa\u00a0 lista, al inscribirse deber\u00e1\u00a0 marcar \u201copt-out\u201d. Si Ud. hubiera elegido \u201copt-in\u201d, podr\u00e1 en cualquier momento seleccionar \u201copt-out\u201d, siguiendo el procedimiento indicado al final de este Apartado.<\/p>\n<p>En determinadas circunstancias, y dadas las caracter\u00edsticas de la tecnolog\u00eda utilizada en nuestro Sitio, si Ud. no eligiera \u201copt-in\u201d al inscribirse, o si posteriormente eligiera \u201copt-out\u201d, podr\u00eda verse privado de algunos de los beneficios para los que se requieren contar con sus Datos Personales.<\/p>\n<p>&nbsp;<\/p>\n<h2>3.2. Excepciones a la reserva de los Datos Personales y otras informaciones:<\/h2>\n<p>En cumplimiento de la Ley de Protecci\u00f3n de Datos Personales N 25.326, Art. 5, Siguientes. y CC. el Usuario entiende y acepta expresamente que quedan exceptuados del compromiso de reserva los Datos Personales en aquellas ocasiones donde una orden judicial, o una autoridad administrativa que posee competencia, la solicite.<\/p>\n<p>Finalmente, le rogamos que tome en cuenta que al suministrar cualquier informaci\u00f3n sobre su persona a trav\u00e9s de comunicaciones on-line, como por ejemplo en los Boletines de Mensajes o en cadenas de emails, o salas de chateo, dicha informaci\u00f3n puede eventualmente ser recopilada y utilizada por terceros sin su consentimiento.<\/p>\n<p>A\u00fan cuando el Titular realiza sus mejores esfuerzos en proteger su privacidad, y proteger sus Datos Personales conforme a la Ley de Protecci\u00f3n de Datos Personales N\u00ba 25.326, no se puede garantizar la seguridad de la informaci\u00f3n que Ud. suministre a trav\u00e9s de comunicaciones on-line, y por lo tanto corre por su cuenta el revelar esa informaci\u00f3n por esos medios.<\/p>\n<p>&nbsp;<\/p>\n<h2>3.3. Privacidad de los ni\u00f1os:<\/h2>\n<p>Dado que los menores de edad pueden no estar en condiciones de comprender nuestra Pol\u00edtica, ni decidir v\u00e1lidamente sobre las opciones disponibles, se insta a todos los padres, o tutores o adultos a cargo de los menores que accedan a la Web a que participen activamente en las actividades que el menor realice en Internet, y que les ense\u00f1en c\u00f3mo proteger su privacidad.<\/p>\n<p>La administraci\u00f3n de la Web ha adoptado las siguientes medidas para proteger la privacidad de sus usuarios menores de edad:<\/p>\n<p>a. Los menores de edad no deber\u00e1n remitir a la Web ning\u00fan tipo de Datos Personales sin el previo consentimiento de sus padres o tutores.<\/p>\n<p>En todos los casos el Titular entiende que el menor lo ha hecho con el consentimiento de sus padres o tutores, y ante cualquier inconveniente ellos ser\u00e1n los responsables ante el Titular o terceros.<\/p>\n<p>b. Los usuarios menores no podr\u00e1n estar inscriptos en la Web por su cuenta.<\/p>\n<p>&nbsp;<\/p>\n<h2>3.4. Cookies:<\/h2>\n<p>Mediante la tecnolog\u00eda Cookie o el rastreo IP, Marketec puede acceder a cierta informaci\u00f3n del Usuario (\u201cInformaci\u00f3n No Espec\u00edfica\u201d).<\/p>\n<p>A la fecha, la Informaci\u00f3n No Espec\u00edfica que se recopila consiste en informaci\u00f3n sobre el navegador que utiliza, el tipo de computadora, sus sistemas operativos, sus proveedores del servicio de Internet, las secciones de nuestro sitio que Ud. visita, los v\u00ednculos que Ud. establece y otra informaci\u00f3n similar. La Informaci\u00f3n No Espec\u00edfica es utilizada s\u00f3lo por nosotros o los operadores de nuestro Sitio, a fin de conocer cu\u00e1les son las \u00e1reas preferidas de nuestro Sitio, qu\u00e9 tecnolog\u00eda se est\u00e1 utilizando, y tratar de este modo de mejorar constantemente nuestro Servicio.<\/p>\n<p>Eventualmente, y en cumplimiento de la Ley de Protecci\u00f3n de Datos Personales, N\u00ba 25.326, Art. 28 y cc. el Titular podr\u00e1 disociar esta informaci\u00f3n con fines estad\u00edsticos, pero en ning\u00fan caso compartir\u00e1 con terceros sus Datos Personales conforme lo establece la Ley 25.326.<\/p>\n<p>Su navegador, al igual que otros, puede estar programado para aceptar Cookies. En tal caso, si Ud. no desea brindar Informaci\u00f3n No Espec\u00edfica, puede programar su navegador para rechazar Cookies, o para avisar cu\u00e1ndo un sitio intenta enviarle Cookies.<\/p>\n<p>En tal caso, tome en cuenta que algunos sitios de Internet, as\u00ed como algunas de las secciones de la Web pueden no funcionar correctamente.<\/p>\n<p>&nbsp;<\/p>\n<h1>4. Sitios de Terceros:<\/h1>\n<p>A trav\u00e9s de la Web se puede establecer un v\u00ednculo con sitios o servicios de terceros.<\/p>\n<p>Pese a que inicialmente hemos visitado los sitios vinculados, nos es imposible controlar sus contenidos o los v\u00ednculos que a su vez ellos ofrecen, ya que muchos de ellos son<\/p>\n<p>permanentemente modificados y tienen su propia pol\u00edtica de privacidad. Por ello, aconsejamos que antes de suministrar cualquier tipo de informaci\u00f3n a un sitio vinculado verifique la pol\u00edtica de privacidad que \u00e9ste aplica.<\/p>\n<p>&nbsp;<\/p>\n<h1>5. Pol\u00edtica de seguridad:<\/h1>\n<p>La protecci\u00f3n de su privacidad y de sus Datos Personales es una de las metas del Titular. El Titular ha tomado todas las medidas a su alcance tecnol\u00f3gico y econ\u00f3mico a fin de asegurar su privacidad y la de sus Datos Personales. Dentro de esas limitaciones ha extremado las precauciones en la transmisi\u00f3n de la informaci\u00f3n entre su computadora hacia sus sistemas y especialmente hacia la Web, pero ello no asegura que las claves empleadas para proteger su informaci\u00f3n no puedan ser descifradas.<\/p>\n<p>&nbsp;<\/p>\n<h1>6. Correcci\u00f3n de los Datos Personales:<\/h1>\n<p>Ud. podr\u00e1 consultar o acceder a sus Datos Personales conforme lo establece el Art. 13, 14, y sgtes y cc de la Ley de Protecci\u00f3n de Datos Personales.<\/p>\n<p>Para ello, y tal como informamos oportunamente, le rogamos escriba a info@167.172.123.0<\/p>\n<p>Luego de consultados los datos, y en caso que los mismos fueran incorrectos, Ud. podr\u00e1 rectificarlos y\/o actualizarlos conforme lo establece el Art. 16 de la Ley de Protecci\u00f3n de Datos Personales.<\/p>\n<p>&nbsp;<\/p>\n<h1>7. Opci\u00f3n de remoci\u00f3n (\u201cOpt-out\u201d):<\/h1>\n<p>Siempre que el Titular env\u00ede informaci\u00f3n electr\u00f3nica como parte de la Web y sus aplicaciones se proveer\u00e1n los medios para que Ud. \u2013receptor de esa informaci\u00f3n-pueda ser removido de la lista de distribuci\u00f3n.<\/p>\n<p>&nbsp;<\/p>\n<h1>8. Aceptaci\u00f3n de estos t\u00e9rminos:<\/h1>\n<p>La utilizaci\u00f3n de cualquiera de los servicios de la Web importa la aceptaci\u00f3n de esta Pol\u00edtica de Privacidad. Si Ud. no est\u00e1 de acuerdo con esta pol\u00edtica, por favor no utilice la Web.<\/p>\n<p>De igual forma, si Ud. continua haciendo uso de la Web despu\u00e9s que hayamos hecho cualquier modificaci\u00f3n a esa Pol\u00edtica, ello importar\u00e1 su aceptaci\u00f3n a esas modificaciones.<\/p>\n<p>&nbsp;<\/p>\n<h1>9. Jurisdicci\u00f3n competente y ley aplicable:<\/h1>\n<p>Toda cuesti\u00f3n entre el Titular y el Usuario estar\u00e1 regida por las leyes de la Rep\u00fablica Argentina, con exclusi\u00f3n de toda norma que remita a la aplicaci\u00f3n de una ley extranjera. Cualquier controversia ser\u00e1 sometida a los Tribunales de la Ciudad de Buenos Aires que correspondan.<\/p>\n<p>Buenos Aires, 23 de enero de 2018.<\/p>\n<p>&nbsp;<\/p>\n<h1>10. Versi\u00f3n.<\/h1>\n<p>Los T\u00e9rminos y Condiciones generales incluidos en el presente se corresponden con la versi\u00f3n del SAC 1. de revisi\u00f3n 1.2\u00a0y SOM 2 de revisi\u00f3n 0.2. En forma sucinta: SAC-1.1.2 y SOM 2.0.1.<\/p>\n","protected":false},"excerpt":{"rendered":"<p>T\u00e9rminos y Condiciones \u2013 Pol\u00edtica de Privacidad &nbsp; T\u00e9rminos y Condiciones Generales: Sucursales de Vea Adheridas al sistemas Marketec: El acceso a esta Web y&#8230;<\/p>\n","protected":false},"author":1,"featured_media":0,"parent":0,"menu_order":0,"comment_status":"closed","ping_status":"closed","template":"","meta":{"footnotes":""},"_links":{"self":[{"href":"https:\/\/www.marketec.com.ar\/index.php\/wp-json\/wp\/v2\/pages\/6547"}],"collection":[{"href":"https:\/\/www.marketec.com.ar\/index.php\/wp-json\/wp\/v2\/pages"}],"about":[{"href":"https:\/\/www.marketec.com.ar\/index.php\/wp-json\/wp\/v2\/types\/page"}],"author":[{"embeddable":true,"href":"https:\/\/www.marketec.com.ar\/index.php\/wp-json\/wp\/v2\/users\/1"}],"replies":[{"embeddable":true,"href":"https:\/\/www.marketec.com.ar\/index.php\/wp-json\/wp\/v2\/comments?post=6547"}],"version-history":[{"count":9,"href":"https:\/\/www.marketec.com.ar\/index.php\/wp-json\/wp\/v2\/pages\/6547\/revisions"}],"predecessor-version":[{"id":6560,"href":"https:\/\/www.marketec.com.ar\/index.php\/wp-json\/wp\/v2\/pages\/6547\/revisions\/6560"}],"wp:attachment":[{"href":"https:\/\/www.marketec.com.ar\/index.php\/wp-json\/wp\/v2\/media?parent=6547"}],"curies":[{"name":"wp","href":"https:\/\/api.w.org\/{rel}","templated":true}]}}